{"id":738,"date":"2025-12-20T08:15:17","date_gmt":"2025-12-20T08:15:17","guid":{"rendered":"https:\/\/www.vape-snus.com\/de\/?post_type=product&#038;p=738"},"modified":"2026-02-22T07:30:48","modified_gmt":"2026-02-22T07:30:48","slug":"elf-bar-blue-razz-lemonade-600","status":"publish","type":"product","link":"https:\/\/www.vape-snus.com\/de\/elf-bar-blue-razz-lemonade-600\/","title":{"rendered":"Elf Bar Blue Razz Lemonade 600"},"content":{"rendered":"<h2><strong>Produktinformationen zu Elf Bar Blue Razz Lemonade 600 Einweg-Vape<\/strong><\/h2>\n<ul>\n<li><span style=\"font-weight: 400;\"><strong>Marke: <\/strong>Elfbar<\/span><\/li>\n<li><span style=\"font-weight: 400;\"><strong>Hersteller:<\/strong> Elfbar<\/span><\/li>\n<li><span style=\"font-weight: 400;\"><strong>Produkttyp:<\/strong> Einweg-Vape<\/span><\/li>\n<li><span style=\"font-weight: 400;\"><strong>Z\u00fcge:<\/strong> 600<\/span><\/li>\n<li><span style=\"font-weight: 400;\"><strong>Format\/Gr\u00f6\u00dfe:<\/strong> Normal<\/span><\/li>\n<li><span style=\"font-weight: 400;\"><strong>Geschmack:<\/strong> Zitrus<\/span><\/li>\n<li><strong>Wiederaufladbar:<\/strong> Nein<\/li>\n<li><strong>Aktivierung:<\/strong> anschalten und 3mal einatmen<\/li>\n<li><strong>E-Liquid:<\/strong> 2 mg.<\/li>\n<li><strong>Form des Nikotins:<\/strong> Salze<\/li>\n<li><strong>Nikotingehalt:<\/strong> 20 mg.<\/li>\n<li><strong>Kapazit\u00e4t der Batterie:<\/strong> 360 mAh<\/li>\n<\/ul>\n<div class=\"woocommerce-product-details__short-description\">\n<hr \/>\n<h2 class=\"woocommerce-product-details__short-description\"><strong>\u00dcber Elf Bar Blue Razz Lemonade 600 Einweg-Vape<\/strong><\/h2>\n<\/div>\n<div>Elf Bar Blue Razz Lemonade ist eine Wahl f\u00fcr Sie, wenn Sie Zitrusaroma m\u00f6gen und dieses bei einem Vape einer bekannten Marke konsumieren m\u00f6chten. Dieser Vape kommt mit branchen\u00fcblichen 20 mg Nikotin und bietet bis zu 600 Z\u00fcge, so Hersteller.<\/div>\n<div><\/div>\n<div>Die Aktivierung ist denkbar einfach, die Elf Bar Blue Razz Lemonade an dem Einschaltknopf anschalten und 3 mal daran ziehen. Und schon geht es los.<\/div>\n<div><\/div>\n<div>Elf Bar Blue Razz Lemonade ist eine Einweg-Vape, deshalb bitte nicht vergessen, diese beim Wertstoff abzugeben, da dies ein Elektroger\u00e4t mit einer enthaltenen Batterie ist.<\/div>\n<div class=\"woocommerce-product-details__short-description\">\n<div class=\"woocommerce-product-details__short-description\">\n<hr \/>\n<h2><img decoding=\"async\" class=\"alignnone size-medium wp-image-136\" src=\"https:\/\/www.vape-snus.com\/de\/wp-content\/uploads\/sites\/2\/2025\/10\/elfbar-logo-2-300x96.png\" alt=\"elfbar-logo\" width=\"300\" height=\"96\" srcset=\"https:\/\/www.vape-snus.com\/de\/wp-content\/uploads\/sites\/2\/2025\/10\/elfbar-logo-2-300x96.png 300w, https:\/\/www.vape-snus.com\/de\/wp-content\/uploads\/sites\/2\/2025\/10\/elfbar-logo-2.png 600w\" sizes=\"(max-width: 300px) 100vw, 300px\" \/><\/h2>\n<h2><strong>Markeninformationen zu Elfbar<\/strong><\/h2>\n<div class=\"woocommerce-product-details__short-description\">Elfbar, das sind die mittlerweile \u00fcberall anzutreffenden Vapes, die es in den unterschiedlichsten Ausf\u00fchrungen gibt, angefangen bei Elfbar 600, dann zu Elfbar 800 und Elfa Pods, die wiederbef\u00fcllbar sind.<\/div>\n<\/div>\n<\/div>\n<div><\/div>\n<div>Elfbar gibt es in vielen verschiedenen Aromen.<\/div>\n<div class=\"woocommerce-product-details__short-description\">\n<div class=\"woocommerce-product-details__short-description\">\n<div class=\"woocommerce-product-details__short-description\">\n<div class=\"woocommerce-product-details__short-description\">\n<h3><strong>Mehr Vapes von Elfbar<\/strong><\/h3>\n<\/div>\n<\/div>\n<div class=\"woocommerce-product-details__short-description\">\n<div class=\"woocommerce-product-details__short-description\">\n<ul>\n<li>Elf Bar Blue Razz Lemonade 600 Einweg-Vape<\/li>\n<li>Elf Bar Blueberry 600 Einweg-Vape<\/li>\n<li>Elf Bar Blueberry Raspberry 600 Einweg-Vape<\/li>\n<\/ul>\n<\/div>\n<\/div>\n<hr \/>\n<h2>So aktivieren Sie Ihr Vape<\/h2>\n<p>So aktivieren Sie Ihre Elf Bar Blue Razz Lemonade 600 Einweg-Vape: <strong>&#8222;<a href=\"https:\/\/www.vape-snus.com\/de\/elfbar-aktivieren-wie-geht-das\/\">Tipps zur Aktivierung Ihrer Elfbar<\/a>&#8222;<\/strong><\/p>\n<\/div>\n<\/div>\n","protected":false},"excerpt":{"rendered":"<p>Produktinformationen zu Elf Bar Blue Razz Lemonade 600 Einweg-Vape Marke: Elfbar Hersteller: Elfbar Produkttyp: Einweg-Vape Z\u00fcge: 600 Format\/Gr\u00f6\u00dfe: Normal Geschmack:&#8230;<\/p>\n","protected":false},"featured_media":739,"comment_status":"open","ping_status":"closed","template":"","meta":[],"pwb-brand":[38],"product_brand":[],"product_cat":[18],"product_tag":[],"class_list":{"0":"post-738","1":"product","2":"type-product","3":"status-publish","4":"has-post-thumbnail","6":"pwb-brand-elfbar-600","7":"product_cat-vape-online","9":"first","10":"outofstock","11":"shipping-taxable","12":"purchasable","13":"product-type-simple"},"aioseo_notices":[],"brands":[{"id":38,"name":"Elfbar 600","slug":"elfbar-600"}],"_links":{"self":[{"href":"https:\/\/www.vape-snus.com\/de\/wp-json\/wp\/v2\/product\/738","targetHints":{"allow":["GET"]}}],"collection":[{"href":"https:\/\/www.vape-snus.com\/de\/wp-json\/wp\/v2\/product"}],"about":[{"href":"https:\/\/www.vape-snus.com\/de\/wp-json\/wp\/v2\/types\/product"}],"replies":[{"embeddable":true,"href":"https:\/\/www.vape-snus.com\/de\/wp-json\/wp\/v2\/comments?post=738"}],"version-history":[{"count":3,"href":"https:\/\/www.vape-snus.com\/de\/wp-json\/wp\/v2\/product\/738\/revisions"}],"predecessor-version":[{"id":842,"href":"https:\/\/www.vape-snus.com\/de\/wp-json\/wp\/v2\/product\/738\/revisions\/842"}],"wp:featuredmedia":[{"embeddable":true,"href":"https:\/\/www.vape-snus.com\/de\/wp-json\/wp\/v2\/media\/739"}],"wp:attachment":[{"href":"https:\/\/www.vape-snus.com\/de\/wp-json\/wp\/v2\/media?parent=738"}],"wp:term":[{"taxonomy":"pwb-brand","embeddable":true,"href":"https:\/\/www.vape-snus.com\/de\/wp-json\/wp\/v2\/pwb-brand?post=738"},{"taxonomy":"product_brand","embeddable":true,"href":"https:\/\/www.vape-snus.com\/de\/wp-json\/wp\/v2\/product_brand?post=738"},{"taxonomy":"product_cat","embeddable":true,"href":"https:\/\/www.vape-snus.com\/de\/wp-json\/wp\/v2\/product_cat?post=738"},{"taxonomy":"product_tag","embeddable":true,"href":"https:\/\/www.vape-snus.com\/de\/wp-json\/wp\/v2\/product_tag?post=738"}],"curies":[{"name":"wp","href":"https:\/\/api.w.org\/{rel}","templated":true}]}}