{"id":731,"date":"2025-12-20T08:10:45","date_gmt":"2025-12-20T08:10:45","guid":{"rendered":"https:\/\/www.vape-snus.com\/de\/?post_type=product&#038;p=731"},"modified":"2026-02-22T07:23:12","modified_gmt":"2026-02-22T07:23:12","slug":"elf-bar-raspberry-cheesecake-600","status":"publish","type":"product","link":"https:\/\/www.vape-snus.com\/de\/elf-bar-raspberry-cheesecake-600\/","title":{"rendered":"Elf Bar Raspberry Cheesecake 600"},"content":{"rendered":"<p><strong>Produktinformationen zu Elf Bar Raspberry Cheesecake 600 Einweg-Vape<\/strong><\/p>\n<ul>\n<li><span style=\"font-weight: 400;\"><strong>Marke: <\/strong>Elfbar<\/span><\/li>\n<li><span style=\"font-weight: 400;\"><strong>Hersteller:<\/strong> Elfbar<\/span><\/li>\n<li><span style=\"font-weight: 400;\"><strong>Produkttyp:<\/strong> Einweg-Vape<\/span><\/li>\n<li><span style=\"font-weight: 400;\"><strong>Z\u00fcge:<\/strong> 600<\/span><\/li>\n<li><span style=\"font-weight: 400;\"><strong>Format\/Gr\u00f6\u00dfe:<\/strong> Normal<\/span><\/li>\n<li><span style=\"font-weight: 400;\"><strong>Geschmack:<\/strong> Himbeer\/K\u00e4sekuchen<\/span><\/li>\n<li><strong>Wiederaufladbar:<\/strong> Nein<\/li>\n<li><strong>Aktivierung:<\/strong> anschalten und 3mal einatmen<\/li>\n<li><strong>E-Liquid:<\/strong> 2 mg.<\/li>\n<li><strong>Form des Nikotins:<\/strong> Salze<\/li>\n<li><strong>Nikotingehalt:<\/strong> 20 mg.<\/li>\n<li><strong>Kapazit\u00e4t der Batterie:<\/strong> 360 mAh<\/li>\n<\/ul>\n<div class=\"woocommerce-product-details__short-description\">\n<hr \/>\n<h2 class=\"woocommerce-product-details__short-description\"><strong>\u00dcber Elf Bar Raspberry Cheesecake 600 Einweg-Vape<\/strong><\/h2>\n<\/div>\n<div>\n<p>Elf Bar Raspberry Cheesecake 600 steht f\u00fcr ein Einweg-Vape, dass mit Himbeer und K\u00e4sekuchenaroma kommt und bis zu 600 Z\u00fcgen bietet, so der Hersteller. Elf Bar Raspberry Cheesecake 600 ist ein nikotinhaltiger Vape.<\/p>\n<\/div>\n<p>Elf Bar Raspberry Cheesecake 600 ist nicht wiederaufladbar, da es ein Einweg-Vape ist. Deshalb bitte daran denken, diesen Vape beim lokalen Wertstoffhof zu entsorgen. Fragen Sie dazu bitte das dort anwesende Personal, da dies ein Elektroger\u00e4t mit einer Batterie ist, deshalb sorgsam zu entsorgen.<\/p>\n<p>Elf Bar Raspberry Cheesecake 600 ist folgendermassen zu aktivieren: anhand des Anschaltknopfes anmachen, 3mal daran ziehen und los geh es.<\/p>\n<div class=\"woocommerce-product-details__short-description\">\n<div class=\"woocommerce-product-details__short-description\">\n<hr \/>\n<h2><img decoding=\"async\" class=\"alignnone size-medium wp-image-136\" src=\"https:\/\/www.vape-snus.com\/de\/wp-content\/uploads\/sites\/2\/2025\/10\/elfbar-logo-2-300x96.png\" alt=\"elfbar-logo\" width=\"300\" height=\"96\" srcset=\"https:\/\/www.vape-snus.com\/de\/wp-content\/uploads\/sites\/2\/2025\/10\/elfbar-logo-2-300x96.png 300w, https:\/\/www.vape-snus.com\/de\/wp-content\/uploads\/sites\/2\/2025\/10\/elfbar-logo-2.png 600w\" sizes=\"(max-width: 300px) 100vw, 300px\" \/><\/h2>\n<h2><strong>Markeninformationen zu Elfbar<\/strong><\/h2>\n<div class=\"woocommerce-product-details__short-description\">Elfbar, das sind die Vapes der gleichnamigen Marke Elf bar. Elf Bar gibt es mittlerweile in einer grossen Anzahl verschiedener Ausf\u00fchrungen, z.B. Elf Bar 600, Elf Bar 800, Elf Bar Elfa Pod und viele mehr.<\/div>\n<\/div>\n<\/div>\n<div>Elf Bar kommt generell immer in einer grossen Anzahl verschiedener Aromen und Geschmackskombinationen, wie z.B. K\u00e4sekuchen\/Himbeere, Heidelbeere und viele mehr.<\/div>\n<div class=\"woocommerce-product-details__short-description\">\n<div class=\"woocommerce-product-details__short-description\">\n<div class=\"woocommerce-product-details__short-description\">\n<div class=\"woocommerce-product-details__short-description\">\n<h3><strong>Mehr Vapes von Elfbar 600<\/strong><\/h3>\n<\/div>\n<\/div>\n<div class=\"woocommerce-product-details__short-description\">\n<div class=\"woocommerce-product-details__short-description\">\n<ul>\n<li><strong><a class=\"woocommerce-LoopProduct-link\" href=\"https:\/\/www.vape-snus.com\/de\/elf-bar-blue-razz-lemonade-600\/\">Elf Bar Blue Razz Lemonade 600<\/a><\/strong><\/li>\n<li><strong>Elf Bar Raspberry Cheesecake 600<\/strong><\/li>\n<li><strong><a class=\"woocommerce-LoopProduct-link\" href=\"https:\/\/www.vape-snus.com\/de\/elf-bar-elf-bar-cola-600\/\">Elf Bar Cola 600<\/a><\/strong><\/li>\n<li><a href=\"https:\/\/www.vape-snus.com\/de\/elf-bar-strawberry-raspberry-cherry-ice-600\/\"><strong>Elf Bar Strawberry Raspberry Cherry Ice 600<\/strong><\/a><\/li>\n<li><a href=\"https:\/\/www.vape-snus.com\/de\/elf-bar-bubble-tea-600\/\"><strong>Elf Bar Bubble Tea 600<\/strong><\/a><\/li>\n<li><strong><a class=\"woocommerce-LoopProduct-link\" href=\"https:\/\/www.vape-snus.com\/de\/elf-bar-blueberry-sour-raspberry-600\/\">Elf Bar Blueberry Sour Raspberry 600<\/a><\/strong><\/li>\n<li><strong><a class=\"woocommerce-LoopProduct-link\" href=\"https:\/\/www.vape-snus.com\/de\/elf-bar-600-kiwi-passion-fruit-guava\/\">Elf Bar 600 Kiwi Passion Fruit Guava<\/a><\/strong><\/li>\n<li><strong><a class=\"woocommerce-LoopProduct-link\" href=\"https:\/\/www.vape-snus.com\/de\/elf-bar-watermelon-600\/\">Elf Bar Watermelon 600<\/a><\/strong><\/li>\n<li><strong><a class=\"woocommerce-LoopProduct-link\" href=\"https:\/\/www.vape-snus.com\/de\/elf-bar-pink-lemonade-600-einweg-vape\/\">Elf Bar Pink Lemonade 600 Einweg-Vape<\/a><\/strong><\/li>\n<li><strong><a class=\"woocommerce-LoopProduct-link\" href=\"https:\/\/www.vape-snus.com\/de\/elf-bar-juicy-peach-600\/\">Elf Bar Juicy Peach 600<\/a><\/strong><\/li>\n<li><a href=\"https:\/\/www.vape-snus.com\/de\/elf-bar-strawberry-kiwi-600\/\"><strong>Elf Bar Strawberry Kiwi 600<\/strong><\/a><\/li>\n<li><a href=\"https:\/\/www.vape-snus.com\/de\/elf-bar-strawberry-ice-cream-600\/\"><strong>Elf Bar Strawberry Ice Cream 600<\/strong><\/a><\/li>\n<li><a href=\"https:\/\/www.vape-snus.com\/de\/elf-bar-peach-ice-600\/\"><strong>Elf Bar Peach Ice 600<\/strong><\/a><\/li>\n<\/ul>\n<\/div>\n<\/div>\n<h2>So aktivieren Sie Ihr Vape<\/h2>\n<p>So aktivieren Sie Ihre Elf Bar Strawberry Raspberry Cherry Ice 600 Einweg-Vape: <strong>&#8222;<a href=\"https:\/\/www.vape-snus.com\/de\/elfbar-aktivieren-wie-geht-das\/\">Tipps zur Aktivierung Ihrer Elfbar<\/a>&#8222;<\/strong><\/p>\n<\/div>\n<\/div>\n","protected":false},"excerpt":{"rendered":"<p>Elf Bar Raspberry Cheesecake 600 steht f\u00fcr ein Einweg-Vape, dass mit Himbeer und K\u00e4sekuchenaroma kommt und bis zu 600 Z\u00fcgen bietet.<\/p>\n","protected":false},"featured_media":732,"comment_status":"open","ping_status":"closed","template":"","meta":[],"pwb-brand":[38],"product_brand":[],"product_cat":[33,36,18],"product_tag":[],"class_list":{"0":"post-731","1":"product","2":"type-product","3":"status-publish","4":"has-post-thumbnail","6":"pwb-brand-elfbar-600","7":"product_cat-himbeer","8":"product_cat-kaesekuchen","9":"product_cat-vape-online","11":"first","12":"outofstock","13":"shipping-taxable","14":"purchasable","15":"product-type-simple"},"aioseo_notices":[],"brands":[{"id":38,"name":"Elfbar 600","slug":"elfbar-600"}],"_links":{"self":[{"href":"https:\/\/www.vape-snus.com\/de\/wp-json\/wp\/v2\/product\/731","targetHints":{"allow":["GET"]}}],"collection":[{"href":"https:\/\/www.vape-snus.com\/de\/wp-json\/wp\/v2\/product"}],"about":[{"href":"https:\/\/www.vape-snus.com\/de\/wp-json\/wp\/v2\/types\/product"}],"replies":[{"embeddable":true,"href":"https:\/\/www.vape-snus.com\/de\/wp-json\/wp\/v2\/comments?post=731"}],"version-history":[{"count":6,"href":"https:\/\/www.vape-snus.com\/de\/wp-json\/wp\/v2\/product\/731\/revisions"}],"predecessor-version":[{"id":844,"href":"https:\/\/www.vape-snus.com\/de\/wp-json\/wp\/v2\/product\/731\/revisions\/844"}],"wp:featuredmedia":[{"embeddable":true,"href":"https:\/\/www.vape-snus.com\/de\/wp-json\/wp\/v2\/media\/732"}],"wp:attachment":[{"href":"https:\/\/www.vape-snus.com\/de\/wp-json\/wp\/v2\/media?parent=731"}],"wp:term":[{"taxonomy":"pwb-brand","embeddable":true,"href":"https:\/\/www.vape-snus.com\/de\/wp-json\/wp\/v2\/pwb-brand?post=731"},{"taxonomy":"product_brand","embeddable":true,"href":"https:\/\/www.vape-snus.com\/de\/wp-json\/wp\/v2\/product_brand?post=731"},{"taxonomy":"product_cat","embeddable":true,"href":"https:\/\/www.vape-snus.com\/de\/wp-json\/wp\/v2\/product_cat?post=731"},{"taxonomy":"product_tag","embeddable":true,"href":"https:\/\/www.vape-snus.com\/de\/wp-json\/wp\/v2\/product_tag?post=731"}],"curies":[{"name":"wp","href":"https:\/\/api.w.org\/{rel}","templated":true}]}}