{"id":289,"date":"2025-10-09T15:26:20","date_gmt":"2025-10-09T15:26:20","guid":{"rendered":"https:\/\/www.vape-snus.com\/de\/?post_type=product&#038;p=289"},"modified":"2026-02-22T07:23:13","modified_gmt":"2026-02-22T07:23:13","slug":"elf-bar-pink-lemonade-600-einweg-vape","status":"publish","type":"product","link":"https:\/\/www.vape-snus.com\/de\/elf-bar-pink-lemonade-600-einweg-vape\/","title":{"rendered":"Elf Bar Pink Lemonade 600 Einweg-Vape"},"content":{"rendered":"<h2><strong>Produktinformationen zu Elf Bar Pink Lemonade 600 Einweg-Vape<\/strong><\/h2>\n<ul>\n<li><span style=\"font-weight: 400;\"><strong>Marke: <\/strong>Elf Bar<\/span><\/li>\n<li><span style=\"font-weight: 400;\"><strong>Hersteller:<\/strong> Elf Bar<\/span><\/li>\n<li><span style=\"font-weight: 400;\"><strong>Produkttyp:<\/strong> Einweg-Vape<\/span><\/li>\n<li><span style=\"font-weight: 400;\"><strong>Z\u00fcge:<\/strong> 600<\/span><\/li>\n<li><span style=\"font-weight: 400;\"><strong>Format\/Gr\u00f6\u00dfe:<\/strong> Normal<\/span><\/li>\n<li><span style=\"font-weight: 400;\"><strong>Geschmack:<\/strong> Zitrus mit leichtem S\u00e4urearoma<\/span><\/li>\n<li><strong>Wiederaufladbar:<\/strong> Nein<\/li>\n<li><strong>Aktivierung:<\/strong> anschalten und 3mal einatmen<\/li>\n<li><strong>E-Liquid:<\/strong> 2 mg.<\/li>\n<li><strong>Form des Nikotins:<\/strong> Salze<\/li>\n<li><strong>Nikotingehalt:<\/strong> 20 mg.<\/li>\n<li><strong>Kapazit\u00e4t der Batterie:<\/strong> 360 mAh<\/li>\n<\/ul>\n<div class=\"woocommerce-product-details__short-description\">\n<hr \/>\n<h2 class=\"woocommerce-product-details__short-description\"><strong>\u00dcber Elf Bar Pink Lemonade 600 Einweg-Vape<\/strong><\/h2>\n<\/div>\n<div>\n<div>Elf Bar Pink Lemonade 600 Einweg-Vape von der Marke Elf Bar ist eine interessante Option f\u00fcr alle, die ein Einweg-Vape mit Nikotingehalt und Zitronenaroma suchen. Geboten von der Marke Elf Bar, die allen Vapern ein Begriff ist.<\/div>\n<\/div>\n<div><\/div>\n<div>Wussten Sie schon, dass Elf Bar Pink Lemonade 600 Einweg-Vape nicht wiederaufladbar ist? Dann ist vielleicht ein Elfa Pod eine Option f\u00fcr Sie. Ansonsten k\u00f6nnen Sie ja auch diesen Einweg-Vape probieren, dieser muss aber leider nach dem einmaligen Gebrauch entsorgt werden.<\/div>\n<div><\/div>\n<div>Dieser Elf Bar Pink Lemonade 600 Einweg-Vape bietet gem\u00e4ss Hersteller bis zu 600 Z\u00fcge.<\/div>\n<div><\/div>\n<div>Zum Thema Aktivieren\/Einschalten: dieser Einweg-Vape wird \u00fcber Zuginhalierung aktiviert &#8211; anschalten, 3mal daran ziehen und es kann losgehen.<\/div>\n<div class=\"woocommerce-product-details__short-description\">\n<div class=\"woocommerce-product-details__short-description\">\n<hr \/>\n<h2><img decoding=\"async\" class=\"alignnone size-medium wp-image-136\" src=\"https:\/\/www.vape-snus.com\/de\/wp-content\/uploads\/sites\/2\/2025\/10\/elfbar-logo-2-300x96.png\" alt=\"elfbar-logo\" width=\"300\" height=\"96\" srcset=\"https:\/\/www.vape-snus.com\/de\/wp-content\/uploads\/sites\/2\/2025\/10\/elfbar-logo-2-300x96.png 300w, https:\/\/www.vape-snus.com\/de\/wp-content\/uploads\/sites\/2\/2025\/10\/elfbar-logo-2.png 600w\" sizes=\"(max-width: 300px) 100vw, 300px\" \/><\/h2>\n<h2><strong>Markeninformationen zu Elfbar<\/strong><\/h2>\n<div class=\"woocommerce-product-details__short-description\">Elf Bar ist die \u00fcberall pr\u00e4sente und allen bekannte Vapemarke aus China, mit Sitz in Shenzhen. Elf Bar steht f\u00fcr viele unterschiedliche Aromen und Produktlinien, wie z.B. Elf Bar V2, Elf Bar 600 und Elfa Pods.<\/div>\n<\/div>\n<div class=\"woocommerce-product-details__short-description\">\n<div class=\"woocommerce-product-details__short-description\">\n<div class=\"woocommerce-product-details__short-description\">\n<h3><strong>Mehr Vapes von Elfbar<\/strong><\/h3>\n<\/div>\n<\/div>\n<div class=\"woocommerce-product-details__short-description\">\n<div class=\"woocommerce-product-details__short-description\">\n<ul>\n<li>Elf Bar Blue Razz Lemonade 600 Einweg-Vape<\/li>\n<li>Elf Bar Blueberry 600 Einweg-Vape<\/li>\n<li>Elf Bar Blueberry Raspberry 600 Einweg-Vape<\/li>\n<\/ul>\n<\/div>\n<\/div>\n<hr \/>\n<h2>So aktivieren Sie Ihr Vape<\/h2>\n<p>So aktivieren Sie Ihre Elf Bar Pink Lemonade 600 Einweg-Vape: <strong>&#8222;<a href=\"https:\/\/www.vape-snus.com\/de\/elfbar-aktivieren-wie-geht-das\/\">Tipps zur Aktivierung Ihrer Elfbar<\/a>&#8222;<\/strong><\/p>\n<\/div>\n<\/div>\n","protected":false},"excerpt":{"rendered":"<p>Produktinformationen zu Elf Bar Pink Lemonade 600 Einweg-Vape Marke: Elf Bar Hersteller: Elf Bar Produkttyp: Einweg-Vape Z\u00fcge: 600 Format\/Gr\u00f6\u00dfe: Normal&#8230;<\/p>\n","protected":false},"featured_media":290,"comment_status":"open","ping_status":"closed","template":"","meta":[],"pwb-brand":[38],"product_brand":[],"product_cat":[18],"product_tag":[],"class_list":{"0":"post-289","1":"product","2":"type-product","3":"status-publish","4":"has-post-thumbnail","6":"pwb-brand-elfbar-600","7":"product_cat-vape-online","9":"first","10":"outofstock","11":"shipping-taxable","12":"purchasable","13":"product-type-simple"},"aioseo_notices":[],"brands":[{"id":38,"name":"Elfbar 600","slug":"elfbar-600"}],"_links":{"self":[{"href":"https:\/\/www.vape-snus.com\/de\/wp-json\/wp\/v2\/product\/289","targetHints":{"allow":["GET"]}}],"collection":[{"href":"https:\/\/www.vape-snus.com\/de\/wp-json\/wp\/v2\/product"}],"about":[{"href":"https:\/\/www.vape-snus.com\/de\/wp-json\/wp\/v2\/types\/product"}],"replies":[{"embeddable":true,"href":"https:\/\/www.vape-snus.com\/de\/wp-json\/wp\/v2\/comments?post=289"}],"version-history":[{"count":4,"href":"https:\/\/www.vape-snus.com\/de\/wp-json\/wp\/v2\/product\/289\/revisions"}],"predecessor-version":[{"id":355,"href":"https:\/\/www.vape-snus.com\/de\/wp-json\/wp\/v2\/product\/289\/revisions\/355"}],"wp:featuredmedia":[{"embeddable":true,"href":"https:\/\/www.vape-snus.com\/de\/wp-json\/wp\/v2\/media\/290"}],"wp:attachment":[{"href":"https:\/\/www.vape-snus.com\/de\/wp-json\/wp\/v2\/media?parent=289"}],"wp:term":[{"taxonomy":"pwb-brand","embeddable":true,"href":"https:\/\/www.vape-snus.com\/de\/wp-json\/wp\/v2\/pwb-brand?post=289"},{"taxonomy":"product_brand","embeddable":true,"href":"https:\/\/www.vape-snus.com\/de\/wp-json\/wp\/v2\/product_brand?post=289"},{"taxonomy":"product_cat","embeddable":true,"href":"https:\/\/www.vape-snus.com\/de\/wp-json\/wp\/v2\/product_cat?post=289"},{"taxonomy":"product_tag","embeddable":true,"href":"https:\/\/www.vape-snus.com\/de\/wp-json\/wp\/v2\/product_tag?post=289"}],"curies":[{"name":"wp","href":"https:\/\/api.w.org\/{rel}","templated":true}]}}