{"id":264,"date":"2025-10-08T08:57:29","date_gmt":"2025-10-08T08:57:29","guid":{"rendered":"https:\/\/www.vape-snus.com\/de\/?post_type=product&#038;p=264"},"modified":"2026-02-22T07:23:13","modified_gmt":"2026-02-22T07:23:13","slug":"elf-bar-juicy-peach-600","status":"publish","type":"product","link":"https:\/\/www.vape-snus.com\/de\/elf-bar-juicy-peach-600\/","title":{"rendered":"Elf Bar Juicy Peach 600"},"content":{"rendered":"<h2><strong>Produktinformationen zu Elfbar Juicy Peach 600 Einweg-Vape<\/strong><\/h2>\n<ul>\n<li><span style=\"font-weight: 400;\"><strong>Marke: <\/strong>Elfbar<\/span><\/li>\n<li><span style=\"font-weight: 400;\"><strong>Hersteller:<\/strong> Elfbar<\/span><\/li>\n<li><span style=\"font-weight: 400;\"><strong>Produkttyp:<\/strong> Einweg-Vape<\/span><\/li>\n<li><span style=\"font-weight: 400;\"><strong>Z\u00fcge:<\/strong> 600<\/span><\/li>\n<li><span style=\"font-weight: 400;\"><strong>Format\/Gr\u00f6\u00dfe:<\/strong> Normal<\/span><\/li>\n<li><span style=\"font-weight: 400;\"><strong>Geschmack:<\/strong> Pfirsich (Frucht)<\/span><\/li>\n<li><strong>Wiederaufladbar:<\/strong> Nein<\/li>\n<li><strong>Aktivierung:<\/strong> anschalten und 3mal einatmen<\/li>\n<li><strong>E-Liquid:<\/strong> 2 mg.<\/li>\n<li><strong>Form des Nikotins:<\/strong> Salze<\/li>\n<li><strong>Nikotingehalt:<\/strong> 20 mg.<\/li>\n<li><strong>Kapazit\u00e4t der Batterie:<\/strong> 360 mAh<\/li>\n<\/ul>\n<div class=\"woocommerce-product-details__short-description\">\n<hr \/>\n<h2 class=\"woocommerce-product-details__short-description\"><strong>\u00dcber Elf Bar Juicy Peach 600 Einweg-Vape<\/strong><\/h2>\n<\/div>\n<div>\n<div>Elf Bar Juicy Peach 600 Einweg-Vape kann eine gute Wahl sein, wenn Sie fruchtigen Pfirsichgeschmack und Energie verbinden m\u00f6chten. Dieses Produkt gibt Ihnen ein erfrischendes Aroma von Pfirsich\/Frucht und beinhaltet solches, dass Ihre Energie wiederherstellen kann.<\/div>\n<div><\/div>\n<div>Elf Bar Juicy Peach 600 Einweg-Vape ist ein Einweg-Vape mit Nikotin der Marke Elfbar. Der Nikotingehalt dieses Produktes betr\u00e4gt 20 mg, die Batteriekapazit\u00e4t liegt bei 360 mAh. Die Anzahl der maximalen Z\u00fcge pro Vape betr\u00e4gt bis zu 600. Der E-Liquid bei diesem Produkt betr\u00e4gt 2 mg.<\/div>\n<\/div>\n<div><\/div>\n<div>Nicht vergessen: dieser Vape kann nur einmal benutzt werden. Sind Sie interessiert an einem Mehrweg-Vape?<\/div>\n<div><\/div>\n<div>Wie aktiviert man diesen Vape? Sie schalten diesen Elf Bar Einweg-Vape erst an und aktivieren danach \u00fcber Zuginhalierung &#8211; anschalten, dreimal daran ziehen und dann kann es losgehen.<\/div>\n<div class=\"woocommerce-product-details__short-description\">\n<div class=\"woocommerce-product-details__short-description\">\n<hr \/>\n<h2><img decoding=\"async\" class=\"alignnone size-medium wp-image-136\" src=\"https:\/\/www.vape-snus.com\/de\/wp-content\/uploads\/sites\/2\/2025\/10\/elfbar-logo-2-300x96.png\" alt=\"elfbar-logo\" width=\"300\" height=\"96\" srcset=\"https:\/\/www.vape-snus.com\/de\/wp-content\/uploads\/sites\/2\/2025\/10\/elfbar-logo-2-300x96.png 300w, https:\/\/www.vape-snus.com\/de\/wp-content\/uploads\/sites\/2\/2025\/10\/elfbar-logo-2.png 600w\" sizes=\"(max-width: 300px) 100vw, 300px\" \/><\/h2>\n<h2><strong>Markeninformationen zu Elfbar<\/strong><\/h2>\n<div class=\"woocommerce-product-details__short-description\">Elf Bar ist in aller Munde, in der Welt derer, die sich mit Vape ein bisschen auskennen. Und was ist Elf Bar? Elf Bar hat den Sitz in Shenzhen, China, und ist mittlerweile zu einer der popul\u00e4rsten Vapemarken in Deutschland aufgestiegen. Elf Bar gibt es \u00fcberall, in Tabakl\u00e4den, im 24\/7 Automatenladen und an der Tankstelle.<\/div>\n<\/div>\n<div class=\"woocommerce-product-details__short-description\">\n<div class=\"woocommerce-product-details__short-description\">\n<div class=\"woocommerce-product-details__short-description\">\n<h3><strong>Mehr Vapes von Elfbar<\/strong><\/h3>\n<\/div>\n<\/div>\n<div class=\"woocommerce-product-details__short-description\">\n<div class=\"woocommerce-product-details__short-description\">\n<ul>\n<li>Elf Bar Blue Razz Lemonade 600 Einweg-Vape<\/li>\n<li>Elf Bar Blueberry 600 Einweg-Vape<\/li>\n<li>Elf Bar Blueberry Raspberry 600 Einweg-Vape<\/li>\n<\/ul>\n<\/div>\n<\/div>\n<hr \/>\n<h2>So aktivieren Sie Ihr Vape<\/h2>\n<p>So aktivieren Sie Ihre Elf Bar Juicy Peach 600 Einweg-Vape: <strong>&#8222;<a href=\"https:\/\/www.vape-snus.com\/de\/elfbar-aktivieren-wie-geht-das\/\">Tipps zur Aktivierung Ihrer Elfbar<\/a>&#8222;<\/strong><\/p>\n<\/div>\n<\/div>\n","protected":false},"excerpt":{"rendered":"<p>Produktinformationen zu Elfbar Juicy Peach 600 Einweg-Vape Marke: Elfbar Hersteller: Elfbar Produkttyp: Einweg-Vape Z\u00fcge: 600 Format\/Gr\u00f6\u00dfe: Normal Geschmack: Pfirsich (Frucht)&#8230;<\/p>\n","protected":false},"featured_media":265,"comment_status":"open","ping_status":"closed","template":"","meta":[],"pwb-brand":[38],"product_brand":[],"product_cat":[18],"product_tag":[],"class_list":{"0":"post-264","1":"product","2":"type-product","3":"status-publish","4":"has-post-thumbnail","6":"pwb-brand-elfbar-600","7":"product_cat-vape-online","9":"first","10":"outofstock","11":"shipping-taxable","12":"purchasable","13":"product-type-simple"},"aioseo_notices":[],"brands":[{"id":38,"name":"Elfbar 600","slug":"elfbar-600"}],"_links":{"self":[{"href":"https:\/\/www.vape-snus.com\/de\/wp-json\/wp\/v2\/product\/264","targetHints":{"allow":["GET"]}}],"collection":[{"href":"https:\/\/www.vape-snus.com\/de\/wp-json\/wp\/v2\/product"}],"about":[{"href":"https:\/\/www.vape-snus.com\/de\/wp-json\/wp\/v2\/types\/product"}],"replies":[{"embeddable":true,"href":"https:\/\/www.vape-snus.com\/de\/wp-json\/wp\/v2\/comments?post=264"}],"version-history":[{"count":2,"href":"https:\/\/www.vape-snus.com\/de\/wp-json\/wp\/v2\/product\/264\/revisions"}],"predecessor-version":[{"id":266,"href":"https:\/\/www.vape-snus.com\/de\/wp-json\/wp\/v2\/product\/264\/revisions\/266"}],"wp:featuredmedia":[{"embeddable":true,"href":"https:\/\/www.vape-snus.com\/de\/wp-json\/wp\/v2\/media\/265"}],"wp:attachment":[{"href":"https:\/\/www.vape-snus.com\/de\/wp-json\/wp\/v2\/media?parent=264"}],"wp:term":[{"taxonomy":"pwb-brand","embeddable":true,"href":"https:\/\/www.vape-snus.com\/de\/wp-json\/wp\/v2\/pwb-brand?post=264"},{"taxonomy":"product_brand","embeddable":true,"href":"https:\/\/www.vape-snus.com\/de\/wp-json\/wp\/v2\/product_brand?post=264"},{"taxonomy":"product_cat","embeddable":true,"href":"https:\/\/www.vape-snus.com\/de\/wp-json\/wp\/v2\/product_cat?post=264"},{"taxonomy":"product_tag","embeddable":true,"href":"https:\/\/www.vape-snus.com\/de\/wp-json\/wp\/v2\/product_tag?post=264"}],"curies":[{"name":"wp","href":"https:\/\/api.w.org\/{rel}","templated":true}]}}