{"id":24,"date":"2025-10-01T09:09:27","date_gmt":"2025-10-01T09:09:27","guid":{"rendered":"https:\/\/www.vape-snus.com\/de\/?post_type=product&#038;p=24"},"modified":"2026-02-22T07:23:13","modified_gmt":"2026-02-22T07:23:13","slug":"elf-bar-peach-ice-600","status":"publish","type":"product","link":"https:\/\/www.vape-snus.com\/de\/elf-bar-peach-ice-600\/","title":{"rendered":"Elf Bar Peach Ice 600"},"content":{"rendered":"<h2><strong>Produktinformationen zu Elf Bar Peach Ice 600 Einweg-Vape<\/strong><\/h2>\n<ul>\n<li><span style=\"font-weight: 400;\"><strong>Marke: <\/strong>Elfbar<\/span><\/li>\n<li><span style=\"font-weight: 400;\"><strong>Hersteller:<\/strong> Elfbar<\/span><\/li>\n<li><span style=\"font-weight: 400;\"><strong>Produkttyp:<\/strong> Einweg-Vape<\/span><\/li>\n<li><span style=\"font-weight: 400;\"><strong>Z\u00fcge:<\/strong> 600<\/span><\/li>\n<li><span style=\"font-weight: 400;\"><strong>Format\/Gr\u00f6\u00dfe:<\/strong> Normal<\/span><\/li>\n<li><span style=\"font-weight: 400;\"><strong>Geschmack:<\/strong> Pfirsich (Frucht)<\/span><\/li>\n<li><strong>Wiederaufladbar:<\/strong> Nein<\/li>\n<li><strong>Aktivierung:<\/strong> anschalten und 3mal einatmen<\/li>\n<li><strong>E-Liquid:<\/strong> 2 mg.<\/li>\n<li><strong>Form des Nikotins:<\/strong> Salze<\/li>\n<li><strong>Nikotingehalt:<\/strong> 20 mg.<\/li>\n<li><strong>Kapazit\u00e4t der Batterie:<\/strong> 360 mAh<\/li>\n<\/ul>\n<div class=\"woocommerce-product-details__short-description\">\n<hr \/>\n<h2 class=\"woocommerce-product-details__short-description\"><strong>\u00dcber Elf Bar Peach Ice 600 Einweg-Vape<\/strong><\/h2>\n<\/div>\n<div>\n<div>Wenn Sie Ihre Energie tags\u00fcber aufrechterhalten m\u00f6chten, ist Elf Bar Peach Ice 600 Einweg-Vape eine gute Option. Dieses Produkt kombiniert einen erfrischenden Geschmack von Pfirsich\/Frucht mit Bestandteilen, die Ihnen Energie geben.<\/div>\n<div><\/div>\n<div>Elf Bar Peach Ice 600 Einweg-Vape ist ein nikotinhaltiger Einweg-Vape der Marke Elfbar, der Nikotingehalt betr\u00e4gt 20 mg, die Batteriekapazit\u00e4t liegt bei 360 mAh. Der E-Liquid beinhaltet 2 mg, wie auch sonst bei Einweg Vapes \u00fcblich.<\/div>\n<\/div>\n<div><\/div>\n<div>Bitte beachten Sie, dass Sie diesen Vape nicht wieder aufladen k\u00f6nnen, deshalb hat dieser auch den Namen Einweg-Vape. Sind Sie interessiert an wiederaufladbaren Pods?<\/div>\n<div><\/div>\n<div>Sie aktivieren diesen Einweg-Vape \u00fcber Zuginhalierung &#8211; anschalten, dreimal daran ziehen und die Einweg Vape von Elfbar m\u00fcsste funktionieren.<\/div>\n<div class=\"woocommerce-product-details__short-description\">\n<div class=\"woocommerce-product-details__short-description\">\n<hr \/>\n<h2><img decoding=\"async\" class=\"alignnone size-medium wp-image-136\" src=\"https:\/\/www.vape-snus.com\/de\/wp-content\/uploads\/sites\/2\/2025\/10\/elfbar-logo-2-300x96.png\" alt=\"elfbar-logo\" width=\"300\" height=\"96\" srcset=\"https:\/\/www.vape-snus.com\/de\/wp-content\/uploads\/sites\/2\/2025\/10\/elfbar-logo-2-300x96.png 300w, https:\/\/www.vape-snus.com\/de\/wp-content\/uploads\/sites\/2\/2025\/10\/elfbar-logo-2.png 600w\" sizes=\"(max-width: 300px) 100vw, 300px\" \/><\/h2>\n<h2><strong>Markeninformationen zu Elfbar<\/strong><\/h2>\n<div class=\"woocommerce-product-details__short-description\">Elfbar ist mittlerweile die wichtigste und beliebteste Vapemarke in Deutschland, \u00fcberall sichtbar und zu haben. Der Hersteller hat seinen Sitz in China, jedoch ein etabliertes Distributionsnetz in Deutschland. Wo man auch hingeht und wo man auch hinschaut, so gut wie \u00fcberall sieht man die Elfbar, im Automaten, beim Tabakhandel, beim 24\/7 Store und in der Tankstelle.<\/div>\n<\/div>\n<div class=\"woocommerce-product-details__short-description\">\n<div class=\"woocommerce-product-details__short-description\">\n<div class=\"woocommerce-product-details__short-description\">\n<h3><strong>Mehr Vapes von Elfbar 600<\/strong><\/h3>\n<\/div>\n<\/div>\n<div class=\"woocommerce-product-details__short-description\">\n<div class=\"woocommerce-product-details__short-description\">\n<ul>\n<li><strong><a class=\"woocommerce-LoopProduct-link\" href=\"https:\/\/www.vape-snus.com\/de\/elf-bar-blue-razz-lemonade-600\/\">Elf Bar Blue Razz Lemonade 600<\/a><\/strong><\/li>\n<li><strong><a class=\"woocommerce-LoopProduct-link\" href=\"https:\/\/www.vape-snus.com\/de\/elf-bar-raspberry-cheesecake-600\/\">Elf Bar Raspberry Cheesecake 600<\/a><\/strong><\/li>\n<li><strong><a class=\"woocommerce-LoopProduct-link\" href=\"https:\/\/www.vape-snus.com\/de\/elf-bar-elf-bar-cola-600\/\">Elf Bar Cola 600<\/a><\/strong><\/li>\n<li><strong><a class=\"woocommerce-LoopProduct-link\" href=\"https:\/\/www.vape-snus.com\/de\/elf-bar-strawberry-raspberry-cherry-ice-600\/\">Elf Bar Strawberry Raspberry Cherry Ice 600<\/a><\/strong><\/li>\n<li><strong><a class=\"woocommerce-LoopProduct-link\" href=\"https:\/\/www.vape-snus.com\/de\/elf-bar-bubble-tea-600\/\">Elf Bar Bubble Tea 600<\/a><\/strong><\/li>\n<li><strong><a class=\"woocommerce-LoopProduct-link\" href=\"https:\/\/www.vape-snus.com\/de\/elf-bar-blueberry-sour-raspberry-600\/\">Elf Bar Blueberry Sour Raspberry 600<\/a><\/strong><\/li>\n<li><strong><a class=\"woocommerce-LoopProduct-link\" href=\"https:\/\/www.vape-snus.com\/de\/elf-bar-600-kiwi-passion-fruit-guava\/\">Elf Bar 600 Kiwi Passion Fruit Guava<\/a><\/strong><\/li>\n<li><strong><a class=\"woocommerce-LoopProduct-link\" href=\"https:\/\/www.vape-snus.com\/de\/elf-bar-watermelon-600\/\">Elf Bar Watermelon 600<\/a><\/strong><\/li>\n<li><strong><a class=\"woocommerce-LoopProduct-link\" href=\"https:\/\/www.vape-snus.com\/de\/elf-bar-pink-lemonade-600-einweg-vape\/\">Elf Bar Pink Lemonade 600 Einweg-Vape<\/a><\/strong><\/li>\n<li><strong><a class=\"woocommerce-LoopProduct-link\" href=\"https:\/\/www.vape-snus.com\/de\/elf-bar-juicy-peach-600\/\">Elf Bar Juicy Peach 600<\/a><\/strong><\/li>\n<li><a href=\"https:\/\/www.vape-snus.com\/de\/elf-bar-strawberry-kiwi-600\/\"><strong>Elf Bar Strawberry Kiwi 600<\/strong><\/a><\/li>\n<li><a href=\"https:\/\/www.vape-snus.com\/de\/elf-bar-strawberry-ice-cream-600\/\"><strong>Elf Bar Strawberry Ice Cream 600<\/strong><\/a><\/li>\n<li><strong>Elf Bar Peach Ice 600<\/strong><\/li>\n<\/ul>\n<\/div>\n<\/div>\n<hr \/>\n<h2>So aktivieren Sie Ihr Vape<\/h2>\n<p>So aktivieren Sie Ihre Elf Bar Peach Ice 600 Einweg-Vape: <strong>&#8222;<a href=\"https:\/\/www.vape-snus.com\/de\/elfbar-aktivieren-wie-geht-das\/\">Tipps zur Aktivierung Ihrer Elfbar<\/a>&#8222;<\/strong><\/p>\n<\/div>\n<\/div>\n","protected":false},"excerpt":{"rendered":"<p>Elf Bar Peach Ice 600 ist ein Einweg-Vape mit 20 mg Nikotin, bis zu 600 Z\u00fcgen und Pfirsich Geschmack.<\/p>\n","protected":false},"featured_media":27,"comment_status":"open","ping_status":"closed","template":"","meta":[],"pwb-brand":[38],"product_brand":[],"product_cat":[31,18],"product_tag":[],"class_list":{"0":"post-24","1":"product","2":"type-product","3":"status-publish","4":"has-post-thumbnail","6":"pwb-brand-elfbar-600","7":"product_cat-pfirsich","8":"product_cat-vape-online","10":"first","11":"outofstock","12":"shipping-taxable","13":"purchasable","14":"product-type-simple"},"aioseo_notices":[],"brands":[{"id":38,"name":"Elfbar 600","slug":"elfbar-600"}],"_links":{"self":[{"href":"https:\/\/www.vape-snus.com\/de\/wp-json\/wp\/v2\/product\/24","targetHints":{"allow":["GET"]}}],"collection":[{"href":"https:\/\/www.vape-snus.com\/de\/wp-json\/wp\/v2\/product"}],"about":[{"href":"https:\/\/www.vape-snus.com\/de\/wp-json\/wp\/v2\/types\/product"}],"replies":[{"embeddable":true,"href":"https:\/\/www.vape-snus.com\/de\/wp-json\/wp\/v2\/comments?post=24"}],"version-history":[{"count":6,"href":"https:\/\/www.vape-snus.com\/de\/wp-json\/wp\/v2\/product\/24\/revisions"}],"predecessor-version":[{"id":855,"href":"https:\/\/www.vape-snus.com\/de\/wp-json\/wp\/v2\/product\/24\/revisions\/855"}],"wp:featuredmedia":[{"embeddable":true,"href":"https:\/\/www.vape-snus.com\/de\/wp-json\/wp\/v2\/media\/27"}],"wp:attachment":[{"href":"https:\/\/www.vape-snus.com\/de\/wp-json\/wp\/v2\/media?parent=24"}],"wp:term":[{"taxonomy":"pwb-brand","embeddable":true,"href":"https:\/\/www.vape-snus.com\/de\/wp-json\/wp\/v2\/pwb-brand?post=24"},{"taxonomy":"product_brand","embeddable":true,"href":"https:\/\/www.vape-snus.com\/de\/wp-json\/wp\/v2\/product_brand?post=24"},{"taxonomy":"product_cat","embeddable":true,"href":"https:\/\/www.vape-snus.com\/de\/wp-json\/wp\/v2\/product_cat?post=24"},{"taxonomy":"product_tag","embeddable":true,"href":"https:\/\/www.vape-snus.com\/de\/wp-json\/wp\/v2\/product_tag?post=24"}],"curies":[{"name":"wp","href":"https:\/\/api.w.org\/{rel}","templated":true}]}}