{"id":950,"date":"2026-03-17T07:36:03","date_gmt":"2026-03-17T07:36:03","guid":{"rendered":"https:\/\/www.vape-snus.com\/de\/?page_id=950"},"modified":"2026-03-17T07:39:25","modified_gmt":"2026-03-17T07:39:25","slug":"allgemeine-geschaeftsbedingungen","status":"publish","type":"page","link":"https:\/\/www.vape-snus.com\/de\/allgemeine-geschaeftsbedingungen\/","title":{"rendered":"Allgemeine Gesch\u00e4ftsbedingungen\u200e"},"content":{"rendered":"\n<h1 class=\"wp-block-heading\" id=\"allgemeine-geschaftsbedingungen\">Allgemeine Gesch\u00e4ftsbedingungen\u200e<\/h1>\n\n\n\n<p><strong>Allgemein<\/strong><\/p>\n\n\n\n<p>Vape-snus.com betreibt die Website www.vape-snus.com\/de (&#8222;Die Website&#8220;). Diese Allgemeinen Gesch\u00e4ftsbedingungen (\u201eBedingungen\u201c) gelten f\u00fcr jede Produktbestellung, die ein Verbraucher auf der Website platziert.<\/p>\n\n\n\n<p>Mit Ihrer Bestellung best\u00e4tigen Sie, dass Sie diese Bedingungen gelesen, akzeptiert und anerkannt haben. Sie best\u00e4tigen au\u00dferdem, dass Sie die Informationen \u00fcber personenbezogene Daten anerkennen und der Verwendung Ihrer personenbezogenen Daten gem\u00e4\u00df den Datenschutzbestimmungen von Vape-snus.com zustimmen.<\/p>\n\n\n\n<p>Vape-snus.com beh\u00e4lt sich das Recht vor, diese Bedingungen jederzeit zu \u00e4ndern. Jede \u00c4nderung wird auf der Website ver\u00f6ffentlicht und gilt ab dem Zeitpunkt, an dem Sie die Bedingungen durch eine neue Bestellung akzeptieren.<\/p>\n\n\n\n<p>Bitte beachten Sie, dass die Vape-snus.com nur an Adressen in Deutschland versendet.<\/p>\n\n\n\n<p><strong>Altersgrenze<\/strong><\/p>\n\n\n\n<p><a><\/a>Personen unter 18 Jahren d\u00fcrfen auf der Website keine Bestellungen aufgeben. Um einkaufen zu k\u00f6nnen, m\u00fcssen Sie Ihr Alter beim Betreten der Website und auch beim Abschluss des Kaufs \u00fcberpr\u00fcfen. Zus\u00e4tzlich zur Best\u00e4tigung Ihres Alters m\u00fcssen Sie als Karteninhaber mindestens 18 Jahre alt sein, um die Transaktion abzuschlie\u00dfen.<\/p>\n\n\n\n<p>Sollte bekannt werden, dass Sie unter 18 Jahre alt sind, wird das Paket gegen einen Aufpreis von 25 \u20ac an Vape-snus.com zur\u00fcckgesandt. Bitte beachten Sie, dass Sie bei Ihrer ersten Bestellung physisch anwesend sein und einen Ausweis vorlegen m\u00fcssen.<\/p>\n\n\n\n<p>Eine Bestellung im Namen einer anderen Person (F\u00e4lschung eines Dokuments) oder auf andere Weise, die dazu f\u00fchrt, dass Vape-snus.com einen finanziellen Schaden riskiert, wird den Beh\u00f6rden gemeldet. Vape-snus.com beh\u00e4lt sich das Recht vor, die Ausf\u00fchrung einer Bestellung zu verweigern, wenn Unregelm\u00e4\u00dfigkeiten oder Missbrauch unserer Bestellfunktion vermutet werden.<\/p>\n\n\n\n<p><strong>Altersverifizierung<\/strong><\/p>\n\n\n\n<p>Die Produkte von Vape-snus.com sind ausschlie\u00dflich f\u00fcr vollj\u00e4hrige Verbraucher bestimmt. Vape-snus.com verf\u00fcgt \u00fcber ein robustes System, das modernste Technologie einsetzt, um sicherzustellen, dass Minderj\u00e4hrige nicht \u00fcber die Website einkaufen k\u00f6nnen. Sie m\u00fcssen Ihr Alter und Ihre Identit\u00e4t \u00fcber unseren Drittanbieter AgeChecked verifizieren. Nach dem Zahlungsvorgang erfolgt eine \u00dcberpr\u00fcfung \u00fcber das offizielle Schufa-Register, wobei die angegebenen pers\u00f6nlichen Daten vollst\u00e4ndig abgeglichen werden. Falls Sie nicht \u00fcber die Schufa verifiziert werden k\u00f6nnen, haben Sie die M\u00f6glichkeit, Ihren amtlichen Ausweis hochzuladen, der \u00fcberpr\u00fcft wird, und einen Selfie-Scan durchzuf\u00fchren, um die Identit\u00e4t mit dem Ausweis abzugleichen. Wird die Altersverifikation nicht innerhalb von 24 Stunden abgeschlossen, wird die Bestellung storniert und die Zahlung erstattet.<\/p>\n\n\n\n<p><strong>Abonnements<\/strong><\/p>\n\n\n\n<p>Vape-snus.com bietet die M\u00f6glichkeit, Abonnements f\u00fcr jene Produkte abzuschlie\u00dfen, die Vape-snus.com von Zeit zu Zeit auf der Website f\u00fcr ein Abonnement zur Verf\u00fcgung stellt. Abonnements sind f\u00fcr ausgew\u00e4hlte Produkte erh\u00e4ltlich und schlie\u00dfen Einzelpackungen sowie Einzelartikel aus. Der Kunde kann w\u00e4hlen, ob er die Lieferung alle zwei Wochen, einmal im Monat oder alle zwei Monate erhalten m\u00f6chte. Die erste Lieferung erfolgt sofort und danach in dem gew\u00e4hlten Intervall, bis der Kunde das Abonnement k\u00fcndigt.<\/p>\n\n\n\n<p>Die Abonnementpreise werden in der Regel j\u00e4hrlich angepasst. Vape-snus.com kann jedoch einseitig und ohne Benachrichtigung des Kunden den Preis zu dessen Vorteil senken und diesen sp\u00e4ter wieder anheben \u2013 jedoch nicht \u00fcber den zum Zeitpunkt des Abschlusses des Abonnements g\u00fcltigen Preis hinaus. Zudem kann Vape-snus.com die Abonnementpreise nach vorheriger Information des Kunden mindestens 30 Tage vor Inkrafttreten der neuen Preise anpassen.<\/p>\n\n\n\n<p>Im Bereich \u201eMein Konto\u201d kann der Kunde sehen, wann die n\u00e4chste Lieferung versendet wird, und hat die M\u00f6glichkeit, das Lieferdatum zu \u00e4ndern oder das Abonnement zu pausieren. Um das Abonnement zu k\u00fcndigen, kann der Kunde \u201eMein Konto\u201d nutzen, den Kundenservice von Vape-snus.com per E-Mail an info@vape-snus.com. Eine K\u00fcndigung muss Vape-snus.com sp\u00e4testens bis 17:00 Uhr am Werktag vor dem Versand der Lieferung mitgeteilt werden. Erfolgt die Benachrichtigung zu sp\u00e4t und m\u00f6chte der Kunde die Lieferung dennoch stornieren, steht ihm ein 14-t\u00e4giges Widerrufsrecht zu.<\/p>\n\n\n\n<p>Die Bezahlung der Waren erfolgt auf die vom Kunden beim Start des Abonnements gew\u00e4hlte Weise. M\u00f6gliche Zahlungsmethoden sind Klarna Rechnung und Kartenzahlung. Der Betrag wird jeweils im Zusammenhang mit jeder Lieferung der Abonnements entweder in Rechnung gestellt oder von der beim Kunden hinterlegten Zahlungsmethode abgebucht. Falls die urspr\u00fcnglich gew\u00e4hlte Kartenzahlung f\u00fcr die n\u00e4chste Lieferung nicht durchgef\u00fchrt werden kann, wird der Kunde dar\u00fcber informiert, dass die Lieferung nicht erfolgen kann. M\u00f6chte der Kunde die Zahlungsmethode \u00e4ndern oder die hinterlegte Karte aktualisieren, empfiehlt es sich, das aktuelle Abonnement zu k\u00fcndigen und ein neues abzuschlie\u00dfen.<\/p>\n\n\n\n<p>Abonnements unterliegen einer Altersverifikation und die Lieferungen erfolgen mit der vom Kunden gew\u00e4hlten Versandmethode.<\/p>\n\n\n\n<p><strong>Preise und Geb\u00fchren<\/strong><\/p>\n\n\n\n<p><a><\/a>Alle Preise und Kosten auf der Website sind in Euros (EUR) angegeben, einschlie\u00dflich der Produktpreise auf der gesamten Website und der Versandkosten. Bei nicht eingel\u00f6sten Paketen k\u00f6nnen besondere Geb\u00fchren anfallen.&nbsp;<\/p>\n\n\n\n<p>Bevor Sie Ihre Bestellung an der Kasse abschlie\u00dfen, m\u00fcssen Sie die Versandart ausw\u00e4hlen. Danach werden die Kosten f\u00fcr Ihre Bestellung einschlie\u00dflich der Versandkosten berechnet.<\/p>\n\n\n\n<p><strong>Zahlung zum Zeitpunkt des Kaufs (Produkte und Lieferung)<\/strong><\/p>\n\n\n\n<p>Die Kartenzahlung auf der Website erfolgt durch Vape-snus.coms Zahlungsanbieter Klarna. Klarna bietet eine Reihe von Zahlungsmethoden an, die an der Kasse auf der Website verf\u00fcgbar sind, einschlie\u00dflich, aber nicht beschr\u00e4nkt auf Kreditkarte und Rechnung. Weitere Informationen finden Sie in den Allgemeinen Gesch\u00e4ftsbedingungen von Klarna.<\/p>\n\n\n\n<p><strong>Umgang mit personenbezogenen Daten bei Vape-snus.com<\/strong><\/p>\n\n\n\n<p>Personenbezogene Daten werden gem\u00e4\u00df den Datenschutzbestimmungen von Vape-snus.com behandelt. Durch die Bestellung von Produkten auf der Website best\u00e4tigen Sie, dass Sie die Vape-snus.com-Datenschutzrichtlinie gelesen und anerkannt haben und dass die von Ihnen angegebenen pers\u00f6nlichen Daten korrekt sind.<\/p>\n\n\n\n<p><strong>Versand und Lieferzeit<\/strong><\/p>\n\n\n\n<p>Vape-snus.com verwendet als Zustelldienst DHL.\u00a0\u00a0Mehr Angaben zur Lieferzeit finden Sie an der Kasse auf der Website.<\/p>\n\n\n\n<p>DHL: Lieferung 2-3 Werktage (kostenlose Lieferung)<\/p>\n\n\n\n<p>Die Sendungsverfolgung wird aktualisiert, sobald die Sendung in Deutschland angekommen ist.<\/p>\n\n\n\n<p>Das Risiko f\u00fcr die Waren geht auf den Kunden \u00fcber, sobald dieser seine Bestellung von Vape-snus.com erh\u00e4lt. Der Kunde verpflichtet sich, die Waren unverz\u00fcglich nach Erhalt zu \u00fcberpr\u00fcfen, um sicherzustellen, dass sie korrekt und frei von M\u00e4ngeln sind.<\/p>\n\n\n\n<p><strong>Nicht eingel\u00f6stes Paket \/ Versand<\/strong><\/p>\n\n\n\n<p>Ein Paket, das gem\u00e4\u00df einer unserer Versandalternativen versendet wird, wird an Vape-snus.com zur\u00fcckgesandt, wenn Sie es nicht einl\u00f6sen konnten. In diesem Fall wird Ihnen eine Geb\u00fchr berechnet, die auf die Verwaltung, den Versand, den R\u00fcckversand und die Bearbeitung durch Vape-snus.com entf\u00e4llt. Nicht eingel\u00f6ste Pakete werden normalerweise nicht als Aus\u00fcbung Ihrer R\u00fcckgaberechte angesehen.<\/p>\n\n\n\n<p><strong>Reklamationen und R\u00fccksendungen<\/strong><\/p>\n\n\n\n<p>Wenn ein Produkt vom Kaufvertrag abweicht oder anderweitig nicht der von Vape-snus.com bereitgestellten Beschreibung entspricht, haben Sie das Recht, bei Vape-snus.com eine Beschwerde \u00fcber das Produkt einzureichen.<\/p>\n\n\n\n<p>In diesem Fall k\u00f6nnen Sie gerne eine Beschwerde \u00fcber Ihr Produkt einreichen. Alle Informationen zum Einreichen einer Beschwerde finden Sie hier.<\/p>\n\n\n\n<p>Das Beschwerderecht umfasst nur Fehler bei der Lieferung (und keine Fehler, die beispielsweise aufgrund der abgelaufenen Haltbarkeit des Produkts oder aufgrund normaler Abnutzung aufgetreten sind). Sie m\u00fcssen Vape-snus.com innerhalb einer angemessenen Zeit ab dem Zeitpunkt, zu dem Sie den Fehler entdeckt haben oder h\u00e4tten entdecken m\u00fcssen, und sp\u00e4testens drei Jahre nach Erhalt des Produkts \u00fcber den Fehler, informieren. Vape-snus.com empfiehlt Ihnen daher, Produkte direkt nach Erhalt sorgf\u00e4ltig zu pr\u00fcfen.<br><br>Abh\u00e4ngig von der Art des Produktfehlers (z. B. Geruch \/ Geschmack des Produkts) m\u00fcssen Sie das Produkt m\u00f6glicherweise an uns zur\u00fccksenden. Sie sind f\u00fcr die von Ihnen zur\u00fcckgegebenen Produkte verantwortlich. Vape-snus.com empfiehlt Ihnen daher, das Produkt so zu verpacken, dass beim Transport keine Sch\u00e4den entstehen. Das Produkt sollte nach M\u00f6glichkeit unbenutzt und in seiner unbesch\u00e4digten Originalverpackung zur\u00fcckgegeben werden (z. B. nicht auf die Originalverpackung schreiben, kleben oder stempeln).<br><br>Abh\u00e4ngig vom Ausma\u00df des Schadens k\u00f6nnen Sie Ersatz, Sanierung oder Preisnachlass erhalten. Als letzten Ausweg k\u00f6nnen Sie das Produkt m\u00f6glicherweise zur\u00fcckgeben. Im Falle einer genehmigten R\u00fccksendung erstattet Vape-snus.com Ihnen die Kosten des Produkts, mit Ausnahme der Kosten, die durch die R\u00fccksendung entstehen, ohne den R\u00fccksendeschein zu verwenden. Bei anderen Anspr\u00fcchen, die \u00fcber die Kosten des Produkts hinausgehen, wird Vape-snus.com nach den geltenden deutschen Verbraucherschutzgesetzen vorgehen.<\/p>\n\n\n\n<p><strong>Transportsch\u00e4den<\/strong><\/p>\n\n\n\n<p>Damit Probleme im Zusammenhang mit Transportsch\u00e4den so schnell wie m\u00f6glich behoben werden k\u00f6nnen, bitten wir Sie, die\u00a0Produktverpackung zur \u00dcberpr\u00fcfung aufzubewahren. Um Produkte zur\u00fccksenden zu k\u00f6nnen, m\u00fcssen Sie auch Ihren Kauf \u00fcber die Website nachweisen, beispielsweise durch die Auftragsbest\u00e4tigung oder Quittung, die Vape-snus.com an die E-Mail-Adresse gesendet hat, die Sie im Zusammenhang mit Ihrem Kauf angegeben haben. Sobald wir Ihre R\u00fccksendung erhalten haben, senden wir Ihnen eine Best\u00e4tigung per E-Mail.<\/p>\n\n\n\n<p><strong>Widerrufsrecht und R\u00fccksendungen<\/strong><\/p>\n\n\n\n<p>Wenn Sie als Verbraucher online einkaufen, haben Sie in der Regel ein Widerrufsrecht von 14 Tagen gem\u00e4\u00df den geltenden Verbraucherschutzvorschriften.<\/p>\n\n\n\n<p><strong>R\u00fccksendung von rabattierten Produkten<\/strong><\/p>\n\n\n\n<p>Bei Eink\u00e4ufen, die Werbegeschenke oder Sonderrabatte enthalten, wird der Wert des Werbegeschenks oder Rabatts als allgemeiner Rabatt auf den Gesamtbetrag des Kaufs angesehen. Wenn ein Teil des Kaufs ge\u00e4ndert und \/ oder zur\u00fcckgegeben wird, werden zur\u00fcckgegebene Produkte zu ihrem Kaufpreis abz\u00fcglich ihres relativen Anteils am allgemeinen Rabatt bewertet. Falls ein Produkt ge\u00e4ndert wird, erfolgt keine Umwandlung der urspr\u00fcnglichen Basis f\u00fcr den Rabatt oder das Werbegeschenk.<\/p>\n\n\n\n<p>Werbeaktionen oder Angebote f\u00fcr solche Werbegeschenke oder Sonderrabatte sind nur f\u00fcr neue K\u00e4ufe \u00fcber die Website verf\u00fcgbar und k\u00f6nnen nicht r\u00fcckwirkend bezogen werden. Ein Werbegeschenk oder ein Rabatt kann nicht auf andere Eink\u00e4ufe \u00fcbertragen und beim \u00c4ndern eines Produkts nicht gutgeschrieben werden.<\/p>\n\n\n\n<p><strong>H\u00f6here Gewalt<\/strong><\/p>\n\n\n\n<p>Vape-snus.com ist nicht verpflichtet, den Kaufvertrag zu erf\u00fcllen, wenn die Erf\u00fcllung aufgrund eines Ereignisses au\u00dferhalb der angemessenen Kontrolle von Vape-snus.com verkompliziert wird (z. B. ge\u00e4nderte Gesetze, staatliche Ma\u00dfnahmen, Streiks, Blockaden, Sabotage, Krieg, Terrorismus, Feuer, \u00dcberschwemmungen, Naturkatastrophen, oder andere au\u00dfergew\u00f6hnliche Ereignisse). Solche Umst\u00e4nde entbinden Vape-snus.com auch von der Verpflichtung zur Zahlung einer Entsch\u00e4digung. Wenn diese Umst\u00e4nde l\u00e4nger als zwei (2) Monate dauern, haben sowohl der Verbraucher als auch Vape-snus.com das Recht, den Kauf mit sofortiger Wirkung zu stornieren.<\/p>\n\n\n\n<p><strong>Preis und Produktinformation auf der Website<\/strong><\/p>\n\n\n\n<p>Vape-snus.com bem\u00fcht sich sicherzustellen, dass alle auf der Website bereitgestellten Informationen korrekt sind, jedoch mit Vorbehalt f\u00fcr begrenzte Verf\u00fcgbarkeit und m\u00f6gliche Fehler in Bildern oder beim Schreiben, z.B. Fehler in Produktbeschreibungen, falsche Preise oder fehlerhafte Informationen zur Lagerverf\u00fcgbarkeit. Vape-snus.com beh\u00e4lt sich au\u00dferdem das Recht vor, solche Fehler jederzeit zu korrigieren und Informationen zu \u00e4ndern oder zu aktualisieren. Alle Bilder auf der Website sind als Illustrationen gedacht und k\u00f6nnen das genaue Aussehen oder den Zustand des Produkts nicht garantieren.<\/p>\n\n\n\n<p><strong>Produktbewertung<\/strong><\/p>\n\n\n\n<p>Durch das Einreichen einer Produktbewertung auf der Website geben Sie Vape-snus.com das Recht, diese auf der Website und anderen Kan\u00e4len und Medien zu ver\u00f6ffentlichen. Vape-snus.com beh\u00e4lt sich au\u00dferdem das Recht vor, eingereichte Bewertungen nicht zu ver\u00f6ffentlichen und \/ oder zu l\u00f6schen.<\/p>\n\n\n\n<p>Diese Allgemeinen Gesch\u00e4ftsbedingungen wurden zuletzt am 05.03.2026 aktualisiert.<\/p>\n","protected":false},"excerpt":{"rendered":"<p>Allgemeine Gesch\u00e4ftsbedingungen\u200e Allgemein Vape-snus.com betreibt die Website www.vape-snus.com\/de (&#8222;Die Website&#8220;). Diese Allgemeinen Gesch\u00e4ftsbedingungen (\u201eBedingungen\u201c) gelten f\u00fcr jede Produktbestellung, die ein&#8230;<\/p>\n","protected":false},"author":1,"featured_media":0,"parent":0,"menu_order":0,"comment_status":"closed","ping_status":"closed","template":"","meta":{"footnotes":""},"class_list":["post-950","page","type-page","status-publish","hentry"],"aioseo_notices":[],"_links":{"self":[{"href":"https:\/\/www.vape-snus.com\/de\/wp-json\/wp\/v2\/pages\/950","targetHints":{"allow":["GET"]}}],"collection":[{"href":"https:\/\/www.vape-snus.com\/de\/wp-json\/wp\/v2\/pages"}],"about":[{"href":"https:\/\/www.vape-snus.com\/de\/wp-json\/wp\/v2\/types\/page"}],"author":[{"embeddable":true,"href":"https:\/\/www.vape-snus.com\/de\/wp-json\/wp\/v2\/users\/1"}],"replies":[{"embeddable":true,"href":"https:\/\/www.vape-snus.com\/de\/wp-json\/wp\/v2\/comments?post=950"}],"version-history":[{"count":2,"href":"https:\/\/www.vape-snus.com\/de\/wp-json\/wp\/v2\/pages\/950\/revisions"}],"predecessor-version":[{"id":953,"href":"https:\/\/www.vape-snus.com\/de\/wp-json\/wp\/v2\/pages\/950\/revisions\/953"}],"wp:attachment":[{"href":"https:\/\/www.vape-snus.com\/de\/wp-json\/wp\/v2\/media?parent=950"}],"curies":[{"name":"wp","href":"https:\/\/api.w.org\/{rel}","templated":true}]}}